{"id":82,"date":"2020-06-03T20:55:10","date_gmt":"2020-06-03T17:55:10","guid":{"rendered":"https:\/\/ekollaw.az\/hakkimizda\/"},"modified":"2024-02-05T11:59:05","modified_gmt":"2024-02-05T08:59:05","slug":"hakkimizda","status":"publish","type":"page","link":"https:\/\/ekollaw.az\/?page_id=82","title":{"rendered":"Haqq\u0131m\u0131zda"},"content":{"rendered":"\n<figure class=\"wp-block-image size-large\"><img loading=\"lazy\" decoding=\"async\" width=\"1024\" height=\"576\" src=\"https:\/\/ekollaw.az\/wp-content\/uploads\/2024\/01\/haqqimizda-eko-1024x576.jpg\" alt=\"\" class=\"wp-image-315\" srcset=\"https:\/\/ekollaw.az\/wp-content\/uploads\/2024\/01\/haqqimizda-eko-1024x576.jpg 1024w, https:\/\/ekollaw.az\/wp-content\/uploads\/2024\/01\/haqqimizda-eko-300x169.jpg 300w, https:\/\/ekollaw.az\/wp-content\/uploads\/2024\/01\/haqqimizda-eko-768x432.jpg 768w, https:\/\/ekollaw.az\/wp-content\/uploads\/2024\/01\/haqqimizda-eko-1536x864.jpg 1536w, https:\/\/ekollaw.az\/wp-content\/uploads\/2024\/01\/haqqimizda-eko-2048x1152.jpg 2048w\" sizes=\"auto, (max-width: 1024px) 100vw, 1024px\" \/><\/figure>\n\n\n\n<div class=\"wp-block-safirtema-mainheading singleHeading mainHeading\"><div class=\"inner\"><div class=\"icon safiricon\"><svg class=\"safiricon-kurumsal\"><use href=\"#safiricon-kurumsal\"><\/use><\/svg><\/div><div class=\"text\">EKOL V\u0259kil B\u00fcrosu <\/div><\/div><\/div>\n\n\n\n<p>EKOL V\u0259kil B\u00fcrosu&nbsp;28.11.2022-ci il tarixind\u0259&nbsp;\u018fdliyy\u0259 Nazirliyind\u0259 qeydiyyata al\u0131nm\u0131\u015fd\u0131r. M\u00fcxt\u0259lif h\u00fcquq sah\u0259l\u0259ri \u00fczr\u0259 ixtisasla\u015fm\u0131\u015f t\u0259cr\u00fcb\u0259y\u0259 malik komandam\u0131zla birlikd\u0259 m\u00fc\u015ft\u0259ril\u0259rimiz\u0259 \u0259n y\u00fcks\u0259k s\u0259viyy\u0259d\u0259 xidm\u0259t g\u00f6st\u0259rm\u0259yi \u00f6z \u00f6hd\u0259miz\u0259 g\u00f6t\u00fcr\u00fcr\u00fck. Siz\u0259 x\u00fcsusi h\u0259ll\u0259r t\u0259klif etm\u0259kl\u0259 h\u0259r bir v\u0259ziyy\u0259td\u0259 \u0259n yax\u015f\u0131 n\u0259tic\u0259l\u0259r \u0259ld\u0259 etm\u0259y\u0259 \u00e7al\u0131\u015f\u0131r\u0131q.<\/p>\n\n\n\n<p>Missiyam\u0131z \u0259dal\u0259tli, etik v\u0259 pe\u015f\u0259kar h\u00fcquq xidm\u0259tl\u0259ri g\u00f6st\u0259rm\u0259kl\u0259 m\u00fc\u015ft\u0259ril\u0259rimizin h\u00fcquqlar\u0131n\u0131 tam \u015f\u0259kild\u0259 qorumaq v\u0259 \u0259dal\u0259ti t\u0259min etm\u0259kdir. M\u00fcbariz\u0259 apard\u0131\u011f\u0131m\u0131z h\u0259r bir i\u015fd\u0259 v\u0259 m\u0259sl\u0259h\u0259t verdiyimiz h\u0259r bir m\u0259s\u0259l\u0259d\u0259 keyfiyy\u0259t v\u0259 d\u00fcr\u00fcstl\u00fck prinsipl\u0259rin\u0259 sadiq qalaraq m\u00fc\u015ft\u0259ril\u0259rimizin yan\u0131nday\u0131q.<\/p>\n\n\n\n<div class=\"wp-block-safirtema-mainheading singleHeading mainHeading\"><div class=\"inner\"><div class=\"icon safiricon\"><svg class=\"safiricon-takim3\"><use href=\"#safiricon-takim3\"><\/use><\/svg><\/div><div class=\"text\">N\u0130Y\u018f B\u0130Z\u0130 SE\u00c7M\u018fL\u0130S\u0130N\u0130Z?<\/div><\/div><\/div>\n\n\n\n<div class=\"\" data-col=\"2\"><ul class=\"wp-block-list\">\n<li>Prinsipl\u0259rimiz\u0259 sadiq qalaraq, m\u00fc\u015ft\u0259ril\u0259rimiz\u0259 h\u0259r m\u0259rh\u0259l\u0259d\u0259 a\u00e7\u0131q v\u0259 d\u00fcr\u00fcst \u00fcnsiyy\u0259t t\u0259klif edirik. Biz sizi b\u00fct\u00fcn h\u00fcquqi prosesd\u0259 m\u0259lumatland\u0131r\u0131r\u0131q v\u0259 istiqam\u0259tl\u0259ndiririk.<\/li>\n\n\n\n<li>M\u00fc\u015ft\u0259ril\u0259rimiz bizim \u00fc\u00e7\u00fcn vacibdir v\u0259 onlar\u0131n h\u00fcquqlar\u0131na h\u00f6rm\u0259t etm\u0259k bizim \u0259sas prioritetimizdir. \u0130nsan y\u00f6n\u00fcml\u00fc f\u0259rdi bir yana\u015fma t\u0259tbiq ed\u0259r\u0259k, m\u00fc\u015ft\u0259ril\u0259rimizin ehtiyaclar\u0131n\u0131 d\u0259qiq m\u00fc\u0259yy\u0259n edir v\u0259 onlara \u0259n \u0259lveri\u015fli h\u0259ll yollar\u0131 t\u0259qdim edirik.<\/li>\n<\/ul><\/div>\n\n\n\n<p><\/p>\n\n\n\n<div class=\"wp-block-contact-form-7-contact-form-selector\"><p class=\"wpcf7-contact-form-not-found\"><strong>Error:<\/strong> Contact form not found.<\/p><\/div>\n","protected":false},"excerpt":{"rendered":"<p>EKOL V\u0259kil B\u00fcrosu&nbsp;28.11.2022-ci il tarixind\u0259&nbsp;\u018fdliyy\u0259 Nazirliyind\u0259 qeydiyyata al\u0131nm\u0131\u015fd\u0131r. M\u00fcxt\u0259lif h\u00fcquq sah\u0259l\u0259ri \u00fczr\u0259 ixtisasla\u015fm\u0131\u015f t\u0259cr\u00fcb\u0259y\u0259 malik komandam\u0131zla birlikd\u0259 m\u00fc\u015ft\u0259ril\u0259rimiz\u0259 \u0259n y\u00fcks\u0259k s\u0259viyy\u0259d\u0259 xidm\u0259t g\u00f6st\u0259rm\u0259yi \u00f6z \u00f6hd\u0259miz\u0259 g\u00f6t\u00fcr\u00fcr\u00fck. Siz\u0259 x\u00fcsusi h\u0259ll\u0259r t\u0259klif etm\u0259kl\u0259 h\u0259r bir v\u0259ziyy\u0259td\u0259 \u0259n yax\u015f\u0131 n\u0259tic\u0259l\u0259r \u0259ld\u0259 etm\u0259y\u0259 \u00e7al\u0131\u015f\u0131r\u0131q. Missiyam\u0131z \u0259dal\u0259tli, etik v\u0259 pe\u015f\u0259kar h\u00fcquq xidm\u0259tl\u0259ri g\u00f6st\u0259rm\u0259kl\u0259 m\u00fc\u015ft\u0259ril\u0259rimizin h\u00fcquqlar\u0131n\u0131 tam \u015f\u0259kild\u0259 qorumaq v\u0259 \u0259dal\u0259ti [&hellip;]<\/p>\n","protected":false},"author":1,"featured_media":0,"parent":0,"menu_order":0,"comment_status":"closed","ping_status":"closed","template":"","meta":{"footnotes":""},"class_list":["post-82","page","type-page","status-publish","hentry"],"aioseo_notices":[],"_links":{"self":[{"href":"https:\/\/ekollaw.az\/index.php?rest_route=\/wp\/v2\/pages\/82","targetHints":{"allow":["GET"]}}],"collection":[{"href":"https:\/\/ekollaw.az\/index.php?rest_route=\/wp\/v2\/pages"}],"about":[{"href":"https:\/\/ekollaw.az\/index.php?rest_route=\/wp\/v2\/types\/page"}],"author":[{"embeddable":true,"href":"https:\/\/ekollaw.az\/index.php?rest_route=\/wp\/v2\/users\/1"}],"replies":[{"embeddable":true,"href":"https:\/\/ekollaw.az\/index.php?rest_route=%2Fwp%2Fv2%2Fcomments&post=82"}],"version-history":[{"count":7,"href":"https:\/\/ekollaw.az\/index.php?rest_route=\/wp\/v2\/pages\/82\/revisions"}],"predecessor-version":[{"id":448,"href":"https:\/\/ekollaw.az\/index.php?rest_route=\/wp\/v2\/pages\/82\/revisions\/448"}],"wp:attachment":[{"href":"https:\/\/ekollaw.az\/index.php?rest_route=%2Fwp%2Fv2%2Fmedia&parent=82"}],"curies":[{"name":"wp","href":"https:\/\/api.w.org\/{rel}","templated":true}]}}