{"id":587,"date":"2024-02-24T13:15:49","date_gmt":"2024-02-24T09:15:49","guid":{"rendered":"https:\/\/ekollaw.az\/?page_id=587"},"modified":"2025-12-15T14:44:49","modified_gmt":"2025-12-15T10:44:49","slug":"huquqsunaslar1","status":"publish","type":"page","link":"https:\/\/ekollaw.az\/?page_id=587","title":{"rendered":"H\u00fcquq\u015f\u00fcnaslar"},"content":{"rendered":"\n<figure class=\"wp-block-gallery has-nested-images columns-default is-cropped wp-block-gallery-1 is-layout-flex wp-block-gallery-is-layout-flex\">\n<figure class=\"wp-block-image size-large\"><img loading=\"lazy\" decoding=\"async\" width=\"768\" height=\"1024\" data-id=\"546\" src=\"https:\/\/ekollaw.az\/wp-content\/uploads\/2024\/02\/WhatsApp-Image-2024-02-21-at-14.52.15-768x1024.jpeg\" alt=\"\" class=\"wp-image-546\" srcset=\"https:\/\/ekollaw.az\/wp-content\/uploads\/2024\/02\/WhatsApp-Image-2024-02-21-at-14.52.15-768x1024.jpeg 768w, https:\/\/ekollaw.az\/wp-content\/uploads\/2024\/02\/WhatsApp-Image-2024-02-21-at-14.52.15-225x300.jpeg 225w, https:\/\/ekollaw.az\/wp-content\/uploads\/2024\/02\/WhatsApp-Image-2024-02-21-at-14.52.15-1152x1536.jpeg 1152w, https:\/\/ekollaw.az\/wp-content\/uploads\/2024\/02\/WhatsApp-Image-2024-02-21-at-14.52.15-1536x2048.jpeg 1536w, https:\/\/ekollaw.az\/wp-content\/uploads\/2024\/02\/WhatsApp-Image-2024-02-21-at-14.52.15-scaled.jpeg 1920w\" sizes=\"auto, (max-width: 768px) 100vw, 768px\" \/><\/figure>\n\n\n\n<figure class=\"wp-block-image size-large\"><img loading=\"lazy\" decoding=\"async\" width=\"835\" height=\"1024\" data-id=\"550\" src=\"https:\/\/ekollaw.az\/wp-content\/uploads\/2024\/02\/cavad-m-835x1024.jpeg\" alt=\"\" class=\"wp-image-550\" srcset=\"https:\/\/ekollaw.az\/wp-content\/uploads\/2024\/02\/cavad-m-835x1024.jpeg 835w, https:\/\/ekollaw.az\/wp-content\/uploads\/2024\/02\/cavad-m-245x300.jpeg 245w, https:\/\/ekollaw.az\/wp-content\/uploads\/2024\/02\/cavad-m-768x942.jpeg 768w, https:\/\/ekollaw.az\/wp-content\/uploads\/2024\/02\/cavad-m-1252x1536.jpeg 1252w, https:\/\/ekollaw.az\/wp-content\/uploads\/2024\/02\/cavad-m-1669x2048.jpeg 1669w\" sizes=\"auto, (max-width: 835px) 100vw, 835px\" \/><figcaption class=\"wp-element-caption\">asdasdasdasd<\/figcaption><\/figure>\n\n\n\n<figure class=\"wp-block-image size-large\"><img loading=\"lazy\" decoding=\"async\" width=\"1024\" height=\"683\" data-id=\"740\" src=\"https:\/\/ekollaw.az\/wp-content\/uploads\/2024\/07\/sehriyar-2-1024x683.jpg\" alt=\"\" class=\"wp-image-740\" srcset=\"https:\/\/ekollaw.az\/wp-content\/uploads\/2024\/07\/sehriyar-2-1024x683.jpg 1024w, https:\/\/ekollaw.az\/wp-content\/uploads\/2024\/07\/sehriyar-2-300x200.jpg 300w, https:\/\/ekollaw.az\/wp-content\/uploads\/2024\/07\/sehriyar-2-768x512.jpg 768w, https:\/\/ekollaw.az\/wp-content\/uploads\/2024\/07\/sehriyar-2-1536x1024.jpg 1536w, https:\/\/ekollaw.az\/wp-content\/uploads\/2024\/07\/sehriyar-2-2048x1365.jpg 2048w\" sizes=\"auto, (max-width: 1024px) 100vw, 1024px\" \/><\/figure>\n<\/figure>\n","protected":false},"excerpt":{"rendered":"","protected":false},"author":1,"featured_media":0,"parent":0,"menu_order":0,"comment_status":"closed","ping_status":"closed","template":"pages\/page-crew.php","meta":{"footnotes":""},"class_list":["post-587","page","type-page","status-publish","hentry"],"aioseo_notices":[],"_links":{"self":[{"href":"https:\/\/ekollaw.az\/index.php?rest_route=\/wp\/v2\/pages\/587","targetHints":{"allow":["GET"]}}],"collection":[{"href":"https:\/\/ekollaw.az\/index.php?rest_route=\/wp\/v2\/pages"}],"about":[{"href":"https:\/\/ekollaw.az\/index.php?rest_route=\/wp\/v2\/types\/page"}],"author":[{"embeddable":true,"href":"https:\/\/ekollaw.az\/index.php?rest_route=\/wp\/v2\/users\/1"}],"replies":[{"embeddable":true,"href":"https:\/\/ekollaw.az\/index.php?rest_route=%2Fwp%2Fv2%2Fcomments&post=587"}],"version-history":[{"count":8,"href":"https:\/\/ekollaw.az\/index.php?rest_route=\/wp\/v2\/pages\/587\/revisions"}],"predecessor-version":[{"id":902,"href":"https:\/\/ekollaw.az\/index.php?rest_route=\/wp\/v2\/pages\/587\/revisions\/902"}],"wp:attachment":[{"href":"https:\/\/ekollaw.az\/index.php?rest_route=%2Fwp%2Fv2%2Fmedia&parent=587"}],"curies":[{"name":"wp","href":"https:\/\/api.w.org\/{rel}","templated":true}]}}