{"id":508,"date":"2024-02-17T12:16:19","date_gmt":"2024-02-17T09:16:19","guid":{"rendered":"https:\/\/ekollaw.az\/?page_id=508"},"modified":"2024-03-07T17:29:37","modified_gmt":"2024-03-07T13:29:37","slug":"t%c9%99siscil%c9%99r","status":"publish","type":"page","link":"https:\/\/ekollaw.az\/?page_id=508","title":{"rendered":"T\u0259sis\u00e7il\u0259r"},"content":{"rendered":"\n<figure class=\"wp-block-gallery has-nested-images columns-default is-cropped wp-block-gallery-1 is-layout-flex wp-block-gallery-is-layout-flex\">\n<figure class=\"wp-block-image size-large\"><img loading=\"lazy\" decoding=\"async\" width=\"768\" height=\"1024\" data-id=\"543\" src=\"https:\/\/ekollaw.az\/wp-content\/uploads\/2024\/02\/WhatsApp-Image-2024-02-15-at-18.07.22-1-768x1024.jpeg\" alt=\"\" class=\"wp-image-543\" srcset=\"https:\/\/ekollaw.az\/wp-content\/uploads\/2024\/02\/WhatsApp-Image-2024-02-15-at-18.07.22-1-768x1024.jpeg 768w, https:\/\/ekollaw.az\/wp-content\/uploads\/2024\/02\/WhatsApp-Image-2024-02-15-at-18.07.22-1-225x300.jpeg 225w, https:\/\/ekollaw.az\/wp-content\/uploads\/2024\/02\/WhatsApp-Image-2024-02-15-at-18.07.22-1-1152x1536.jpeg 1152w, https:\/\/ekollaw.az\/wp-content\/uploads\/2024\/02\/WhatsApp-Image-2024-02-15-at-18.07.22-1-1536x2048.jpeg 1536w, https:\/\/ekollaw.az\/wp-content\/uploads\/2024\/02\/WhatsApp-Image-2024-02-15-at-18.07.22-1-scaled.jpeg 1920w\" sizes=\"auto, (max-width: 768px) 100vw, 768px\" \/><\/figure>\n<\/figure>\n\n\n\n<p><\/p>\n\n\n\n<p>\u018fm\u0259nov Tural Rizvan o\u011flu \u2013 Az\u0259rbaycan Respublikas\u0131n\u0131n V\u0259kill\u0259r Kollegiyas\u0131n\u0131n \u00fczv\u00fc<\/p>\n\n\n\n<p>\u0130lk d\u0259f\u0259 f\u0259aliyy\u0259tin\u0259 1998- 2000-ci ill\u0259rd\u0259 prokuror k\u00f6m\u0259k\u00e7isi yan\u0131nda ba\u015flam\u0131\u015f, daha sonra C\u0259lilabad Rayon \u0130cra \u015e\u00f6b\u0259sind\u0259 i\u015fl\u0259mi\u015fdir. Daha sonra f\u0259aliyy\u0259tini C\u0259lilabad Rayon \u0130stintaq \u015e\u00f6b\u0259sind\u0259 davam etdirmi\u015fdir.<\/p>\n\n\n\n<p>Sonrak\u0131 ill\u0259rd\u0259 prokurorluq orqanlar\u0131ndak\u0131 f\u0259aliyy\u0259ti il\u0259 t\u0259cr\u00fcb\u0259 qazanmaqla yana\u015f\u0131, 2007-2011-ci ill\u0259rd\u0259&nbsp; C\u0259lilabad rayon M\u0259h\u0259m\u0259sind\u0259 m\u0259hk\u0259m\u0259 iclas katibi v\u0259zif\u0259sind\u0259 \u00e7al\u0131\u015fm\u0131\u015fd\u0131r.<\/p>\n\n\n\n<p>Da\u015f\u0131nmaz \u018fmlak\u0131n D\u00f6vl\u0259t Reyestri Xidm\u0259tinin Bak\u0131 \u018frazi \u0130dar\u0259sind\u0259 2 il\u0259 yax\u0131n h\u00fcquq\u015f\u00fcnas kimi f\u0259aliyy\u0259t g\u00f6st\u0259rmi\u015fdir. Haz\u0131rda \u201cEKOL\u201d V\u0259kil b\u00fcrosunun t\u0259sis\u00e7isi olmaqla birlikd\u0259, v\u0259kil olaraq \u00f6z pe\u015f\u0259kar t\u0259cr\u00fcb\u0259si il\u0259 keyfiyy\u0259tli h\u00fcquqi xidm\u0259t g\u00f6st\u0259rm\u0259kd\u0259 davam edir.<\/p>\n\n\n\n<figure class=\"wp-block-gallery has-nested-images columns-default is-cropped wp-block-gallery-2 is-layout-flex wp-block-gallery-is-layout-flex\">\n<figure class=\"wp-block-image size-large\"><img loading=\"lazy\" decoding=\"async\" width=\"1024\" height=\"897\" data-id=\"556\" src=\"https:\/\/ekollaw.az\/wp-content\/uploads\/2024\/02\/ruslan-m-2-1024x897.jpeg\" alt=\"\" class=\"wp-image-556\" srcset=\"https:\/\/ekollaw.az\/wp-content\/uploads\/2024\/02\/ruslan-m-2-1024x897.jpeg 1024w, https:\/\/ekollaw.az\/wp-content\/uploads\/2024\/02\/ruslan-m-2-300x263.jpeg 300w, https:\/\/ekollaw.az\/wp-content\/uploads\/2024\/02\/ruslan-m-2-768x672.jpeg 768w, https:\/\/ekollaw.az\/wp-content\/uploads\/2024\/02\/ruslan-m-2.jpeg 1190w\" sizes=\"auto, (max-width: 1024px) 100vw, 1024px\" \/><\/figure>\n<\/figure>\n\n\n\n<p>H\u0259s\u0259nov Ruslan \u0130ba o\u011flu &#8211; Az\u0259rbaycan Respublikas\u0131 V\u0259kill\u0259r Kollegiyas\u0131n\u0131n \u00fczv\u00fc<\/p>\n\n\n\n<p>\u018fm\u0259k f\u0259aliyy\u0259tin\u0259 Bak\u0131 N\u0259qliyyat Prokurorlu\u011funda d\u0259ft\u0259rxana m\u00fcdiri kimi ba\u015flam\u0131\u015f , 2002-ci ild\u0259 Az\u0259rbaycan Respublikas\u0131n\u0131n A\u011f\u0131r Cinay\u0259tl\u0259r M\u0259hk\u0259m\u0259sind\u0259 m\u00fcxt\u0259lif v\u0259zif\u0259l\u0259rd\u0259 \u00e7al\u0131\u015fm\u0131\u015fd\u0131r. Bu m\u00fcdd\u0259t \u0259rzind\u0259 \u0259ld\u0259 etdiyi t\u0259cr\u00fcb\u0259 il\u0259 diqq\u0259t \u00e7\u0259k\u0259n H\u0259s\u0259nov 2020-ci ild\u0259n etibar\u0259n d\u00f6vl\u0259t orqanlar\u0131nda \u00f6z f\u0259aliyy\u0259tini davam etdirmi\u015f, Tibbi Sosial Ekspertiza v\u0259 Reabilitasiya Agentliyinin H\u00fcquq \u015f\u00f6b\u0259sind\u0259 Ba\u015f M\u0259sl\u0259h\u0259t\u00e7i v\u0259zif\u0259sind\u0259 i\u015fl\u0259mi\u015fdir.<\/p>\n\n\n\n<p>V\u0259killik karyeras\u0131nda m\u00fch\u00fcm add\u0131mlardan biri kimi 2022-ci ild\u0259 \u201cEKOL\u201d V\u0259kil B\u00fcrosunu t\u0259sis etmi\u015fdir. Hal- haz\u0131rda da b\u00fcronun v\u0259kill\u0259rind\u0259n biri kimi m\u00fc\u015ft\u0259ril\u0259rin\u0259 y\u00fcks\u0259k s\u0259viyy\u0259li h\u00fcquqi xidm\u0259t g\u00f6st\u0259rm\u0259y\u0259 davam edir.<\/p>\n","protected":false},"excerpt":{"rendered":"<p>\u018fm\u0259nov Tural Rizvan o\u011flu \u2013 Az\u0259rbaycan Respublikas\u0131n\u0131n V\u0259kill\u0259r Kollegiyas\u0131n\u0131n \u00fczv\u00fc \u0130lk d\u0259f\u0259 f\u0259aliyy\u0259tin\u0259 1998- 2000-ci ill\u0259rd\u0259 prokuror k\u00f6m\u0259k\u00e7isi yan\u0131nda ba\u015flam\u0131\u015f, daha sonra C\u0259lilabad Rayon \u0130cra \u015e\u00f6b\u0259sind\u0259 i\u015fl\u0259mi\u015fdir. Daha sonra f\u0259aliyy\u0259tini C\u0259lilabad Rayon \u0130stintaq \u015e\u00f6b\u0259sind\u0259 davam etdirmi\u015fdir. Sonrak\u0131 ill\u0259rd\u0259 prokurorluq orqanlar\u0131ndak\u0131 f\u0259aliyy\u0259ti il\u0259 t\u0259cr\u00fcb\u0259 qazanmaqla yana\u015f\u0131, 2007-2011-ci ill\u0259rd\u0259&nbsp; C\u0259lilabad rayon M\u0259h\u0259m\u0259sind\u0259 m\u0259hk\u0259m\u0259 iclas katibi v\u0259zif\u0259sind\u0259 \u00e7al\u0131\u015fm\u0131\u015fd\u0131r. [&hellip;]<\/p>\n","protected":false},"author":1,"featured_media":0,"parent":0,"menu_order":0,"comment_status":"closed","ping_status":"closed","template":"","meta":{"footnotes":""},"class_list":["post-508","page","type-page","status-publish","hentry"],"aioseo_notices":[],"_links":{"self":[{"href":"https:\/\/ekollaw.az\/index.php?rest_route=\/wp\/v2\/pages\/508","targetHints":{"allow":["GET"]}}],"collection":[{"href":"https:\/\/ekollaw.az\/index.php?rest_route=\/wp\/v2\/pages"}],"about":[{"href":"https:\/\/ekollaw.az\/index.php?rest_route=\/wp\/v2\/types\/page"}],"author":[{"embeddable":true,"href":"https:\/\/ekollaw.az\/index.php?rest_route=\/wp\/v2\/users\/1"}],"replies":[{"embeddable":true,"href":"https:\/\/ekollaw.az\/index.php?rest_route=%2Fwp%2Fv2%2Fcomments&post=508"}],"version-history":[{"count":5,"href":"https:\/\/ekollaw.az\/index.php?rest_route=\/wp\/v2\/pages\/508\/revisions"}],"predecessor-version":[{"id":651,"href":"https:\/\/ekollaw.az\/index.php?rest_route=\/wp\/v2\/pages\/508\/revisions\/651"}],"wp:attachment":[{"href":"https:\/\/ekollaw.az\/index.php?rest_route=%2Fwp%2Fv2%2Fmedia&parent=508"}],"curies":[{"name":"wp","href":"https:\/\/api.w.org\/{rel}","templated":true}]}}